{"id":1100,"date":"2019-07-26T13:29:39","date_gmt":"2019-07-26T13:29:39","guid":{"rendered":"https:\/\/elin.com.al\/?post_type=product&#038;p=1100"},"modified":"2019-07-26T14:04:36","modified_gmt":"2019-07-26T14:04:36","slug":"downtown-80x80","status":"publish","type":"product","link":"https:\/\/elin.com.al\/index.php\/product\/downtown-80x80\/","title":{"rendered":"Downtown 80&#215;80"},"content":{"rendered":"","protected":false},"excerpt":{"rendered":"<p style=\"text-align: left;\"><span style=\"color: #333333;\">Sjellim p\u00ebr ju nj\u00eb gam\u00eb produktesh hidrosanitare cil\u00ebsore dhe me dizanj bashk\u00ebkohor\u00eb.Ju mir\u00ebpresim pran\u00eb dyqaneve tona p\u00ebr t\u00eb zgjedhur ngjyr\u00ebn dhe dizanjin tuaj t\u00eb preferuar<\/span>.<\/p>\n","protected":false},"featured_media":1101,"template":"","meta":[],"product_brand":[],"product_cat":[80],"product_tag":[],"class_list":{"0":"post-1100","1":"product","2":"type-product","3":"status-publish","4":"has-post-thumbnail","6":"product_cat-pllaka-per-ambiente-te-ndryshme","7":"description-off","9":"first","10":"instock","11":"shipping-taxable","12":"product-type-simple"},"_links":{"self":[{"href":"https:\/\/elin.com.al\/index.php\/wp-json\/wp\/v2\/product\/1100","targetHints":{"allow":["GET"]}}],"collection":[{"href":"https:\/\/elin.com.al\/index.php\/wp-json\/wp\/v2\/product"}],"about":[{"href":"https:\/\/elin.com.al\/index.php\/wp-json\/wp\/v2\/types\/product"}],"wp:featuredmedia":[{"embeddable":true,"href":"https:\/\/elin.com.al\/index.php\/wp-json\/wp\/v2\/media\/1101"}],"wp:attachment":[{"href":"https:\/\/elin.com.al\/index.php\/wp-json\/wp\/v2\/media?parent=1100"}],"wp:term":[{"taxonomy":"product_brand","embeddable":true,"href":"https:\/\/elin.com.al\/index.php\/wp-json\/wp\/v2\/product_brand?post=1100"},{"taxonomy":"product_cat","embeddable":true,"href":"https:\/\/elin.com.al\/index.php\/wp-json\/wp\/v2\/product_cat?post=1100"},{"taxonomy":"product_tag","embeddable":true,"href":"https:\/\/elin.com.al\/index.php\/wp-json\/wp\/v2\/product_tag?post=1100"}],"curies":[{"name":"wp","href":"https:\/\/api.w.org\/{rel}","templated":true}]}}