{"id":143,"date":"2019-07-22T09:30:08","date_gmt":"2019-07-22T09:30:08","guid":{"rendered":"https:\/\/elin.com.al\/?post_type=product&#038;p=143"},"modified":"2019-07-22T09:30:37","modified_gmt":"2019-07-22T09:30:37","slug":"3910-1-cristallo","status":"publish","type":"product","link":"https:\/\/elin.com.al\/index.php\/product\/3910-1-cristallo\/","title":{"rendered":"3910-1-Cristallo"},"content":{"rendered":"","protected":false},"excerpt":{"rendered":"<p><span style=\"color: #000000;\">Sjellim per ju nje game produktesh hidrosanitare cilesore dhe me dizanj bashkekohore.Ju mir\u00ebpresim pran\u00eb dyqaneve tona p\u00ebr t\u00eb zgjedhur ngjyr\u00ebn dhe dizanjin tuaj t\u00eb preferuar.<\/span><\/p>\n","protected":false},"featured_media":144,"template":"","meta":[],"product_brand":[],"product_cat":[34,57],"product_tag":[],"class_list":{"0":"post-143","1":"product","2":"type-product","3":"status-publish","4":"has-post-thumbnail","6":"product_cat-mishelatore","7":"product_cat-seria-cristallo","8":"description-off","10":"first","11":"instock","12":"shipping-taxable","13":"product-type-simple"},"_links":{"self":[{"href":"https:\/\/elin.com.al\/index.php\/wp-json\/wp\/v2\/product\/143","targetHints":{"allow":["GET"]}}],"collection":[{"href":"https:\/\/elin.com.al\/index.php\/wp-json\/wp\/v2\/product"}],"about":[{"href":"https:\/\/elin.com.al\/index.php\/wp-json\/wp\/v2\/types\/product"}],"wp:featuredmedia":[{"embeddable":true,"href":"https:\/\/elin.com.al\/index.php\/wp-json\/wp\/v2\/media\/144"}],"wp:attachment":[{"href":"https:\/\/elin.com.al\/index.php\/wp-json\/wp\/v2\/media?parent=143"}],"wp:term":[{"taxonomy":"product_brand","embeddable":true,"href":"https:\/\/elin.com.al\/index.php\/wp-json\/wp\/v2\/product_brand?post=143"},{"taxonomy":"product_cat","embeddable":true,"href":"https:\/\/elin.com.al\/index.php\/wp-json\/wp\/v2\/product_cat?post=143"},{"taxonomy":"product_tag","embeddable":true,"href":"https:\/\/elin.com.al\/index.php\/wp-json\/wp\/v2\/product_tag?post=143"}],"curies":[{"name":"wp","href":"https:\/\/api.w.org\/{rel}","templated":true}]}}