{"id":183,"date":"2019-07-22T10:22:55","date_gmt":"2019-07-22T10:22:55","guid":{"rendered":"https:\/\/elin.com.al\/?post_type=product&#038;p=183"},"modified":"2019-07-22T10:23:21","modified_gmt":"2019-07-22T10:23:21","slug":"bide-jt-m204b","status":"publish","type":"product","link":"https:\/\/elin.com.al\/index.php\/product\/bide-jt-m204b\/","title":{"rendered":"BIDE JT-M204B"},"content":{"rendered":"","protected":false},"excerpt":{"rendered":"<p><span style=\"color: #000000;\">Sjellim per ju nje game produktesh hidrosanitare cilesore dhe me dizanj bashkekohore.Ju mir\u00ebpresim pran\u00eb dyqaneve tona p\u00ebr t\u00eb zgjedhur ngjyr\u00ebn dhe dizanjin tuaj t\u00eb preferuar.<br \/>\n<\/span><\/p>\n","protected":false},"featured_media":184,"template":"","meta":[],"product_brand":[],"product_cat":[30,61],"product_tag":[],"class_list":{"0":"post-183","1":"product","2":"type-product","3":"status-publish","4":"has-post-thumbnail","6":"product_cat-hidrosanitare","7":"product_cat-sanitare-sospeso","8":"description-off","10":"first","11":"instock","12":"shipping-taxable","13":"product-type-simple"},"_links":{"self":[{"href":"https:\/\/elin.com.al\/index.php\/wp-json\/wp\/v2\/product\/183","targetHints":{"allow":["GET"]}}],"collection":[{"href":"https:\/\/elin.com.al\/index.php\/wp-json\/wp\/v2\/product"}],"about":[{"href":"https:\/\/elin.com.al\/index.php\/wp-json\/wp\/v2\/types\/product"}],"wp:featuredmedia":[{"embeddable":true,"href":"https:\/\/elin.com.al\/index.php\/wp-json\/wp\/v2\/media\/184"}],"wp:attachment":[{"href":"https:\/\/elin.com.al\/index.php\/wp-json\/wp\/v2\/media?parent=183"}],"wp:term":[{"taxonomy":"product_brand","embeddable":true,"href":"https:\/\/elin.com.al\/index.php\/wp-json\/wp\/v2\/product_brand?post=183"},{"taxonomy":"product_cat","embeddable":true,"href":"https:\/\/elin.com.al\/index.php\/wp-json\/wp\/v2\/product_cat?post=183"},{"taxonomy":"product_tag","embeddable":true,"href":"https:\/\/elin.com.al\/index.php\/wp-json\/wp\/v2\/product_tag?post=183"}],"curies":[{"name":"wp","href":"https:\/\/api.w.org\/{rel}","templated":true}]}}