{"id":680,"date":"2019-07-23T10:19:01","date_gmt":"2019-07-23T10:19:01","guid":{"rendered":"https:\/\/elin.com.al\/?post_type=product&#038;p=680"},"modified":"2019-07-23T10:20:11","modified_gmt":"2019-07-23T10:20:11","slug":"fc-214","status":"publish","type":"product","link":"https:\/\/elin.com.al\/index.php\/product\/fc-214\/","title":{"rendered":"FC-214"},"content":{"rendered":"","protected":false},"excerpt":{"rendered":"<div class=\"woocommerce-product-details__short-description\">\n<p><span style=\"color: #000000;\">Sjellim p\u00ebr ju nj\u00eb gam\u00eb produktesh hidrosanitare cil\u00ebsore dhe me dizanj bashk\u00ebkohor\u00eb.Ju mir\u00ebpresim pran\u00eb dyqaneve tona p\u00ebr t\u00eb zgjedhur ngjyr\u00ebn dhe dizanjin tuaj t\u00eb preferuar.<\/span><\/p>\n<\/div>\n","protected":false},"featured_media":681,"template":"","meta":[],"product_brand":[],"product_cat":[41,40],"product_tag":[],"class_list":{"0":"post-680","1":"product","2":"type-product","3":"status-publish","4":"has-post-thumbnail","6":"product_cat-hidromasazh","7":"product_cat-vaska","8":"description-off","10":"first","11":"instock","12":"shipping-taxable","13":"product-type-simple"},"_links":{"self":[{"href":"https:\/\/elin.com.al\/index.php\/wp-json\/wp\/v2\/product\/680","targetHints":{"allow":["GET"]}}],"collection":[{"href":"https:\/\/elin.com.al\/index.php\/wp-json\/wp\/v2\/product"}],"about":[{"href":"https:\/\/elin.com.al\/index.php\/wp-json\/wp\/v2\/types\/product"}],"wp:featuredmedia":[{"embeddable":true,"href":"https:\/\/elin.com.al\/index.php\/wp-json\/wp\/v2\/media\/681"}],"wp:attachment":[{"href":"https:\/\/elin.com.al\/index.php\/wp-json\/wp\/v2\/media?parent=680"}],"wp:term":[{"taxonomy":"product_brand","embeddable":true,"href":"https:\/\/elin.com.al\/index.php\/wp-json\/wp\/v2\/product_brand?post=680"},{"taxonomy":"product_cat","embeddable":true,"href":"https:\/\/elin.com.al\/index.php\/wp-json\/wp\/v2\/product_cat?post=680"},{"taxonomy":"product_tag","embeddable":true,"href":"https:\/\/elin.com.al\/index.php\/wp-json\/wp\/v2\/product_tag?post=680"}],"curies":[{"name":"wp","href":"https:\/\/api.w.org\/{rel}","templated":true}]}}